{"id":858,"date":"2023-09-26T14:42:36","date_gmt":"2023-09-26T12:42:36","guid":{"rendered":"https:\/\/wypo.io\/documentation\/"},"modified":"2024-06-21T03:26:08","modified_gmt":"2024-06-21T01:26:08","slug":"documentations","status":"publish","type":"page","link":"https:\/\/wypo.io\/en\/documentations\/","title":{"rendered":"Documentations"},"content":{"rendered":"\n<div class=\"wp-block-group is-layout-constrained wp-container-core-group-is-layout-4f9f02a5 wp-block-group-is-layout-constrained\" style=\"padding-top:var(--wp--preset--spacing--120);padding-right:var(--wp--preset--spacing--120);padding-bottom:var(--wp--preset--spacing--120);padding-left:var(--wp--preset--spacing--120)\">\n<h1 class=\"wp-block-heading has-text-align-center   \" style=\"padding-bottom:var(--wp--preset--spacing--20)\" datalink=\"content-documentations\">Documentations<\/h1>\n\n\n\n<p class=\"has-text-align-center has-normal-font-size   \" style=\"font-style:normal;font-weight:700\">Whether you&#8217;re a beginner or an advanced user, our documentation is designed to help you install, configure and use our solutions optimally. Explore the different categories to find the information you need to enhance your WordPress experience.<\/p>\n<\/div>\n\n\n\n<div class=\"wp-block-group alignfull  hf_animated fade_bottom default is-layout-constrained wp-block-group-is-layout-constrained\" style=\"padding-top:0;padding-bottom:var(--wp--preset--spacing--80)\">            <div class=\"documentations-search\">\n                <form class=\"documentations-search-form\" method=\"get\" action='https:\/\/wypo.io\/documentations\/'>\n                    <input type=\"text\" placeholder=\"Search\" name=\"search\"\n                        value=\"\" \/>\n                    <button type=\"submit\">\n                        <img decoding=\"async\" src=\"\/wp-content\/themes\/wypo\/assets\/wypo-search.svg\"\n                            alt=\"Search\" \/>\n                    <\/button>\n                <\/form>\n                <div class=\"documentations-search-results\">\n                                            <ul class=\"is-style-important\">\n                                                            <li class=\"documentations-search-results-item\">\n                                    <h2 class='documentations-search-results-item-title'>\n                                        <a href=\"https:\/\/wypo.io\/en\/documentations\/gutenberg-utils\/\">Gutenberg Utils<\/a>\n                                    <\/h2>\n                                    <div>\n                                        Presentation Wypo Gutenberg Utils is a WordPress plugin that enhances the Gutenberg editor with several advanced features for managing blocks: Styles Block exclusion By default, all features are enabled for all blocks.It is possible to disable certain features for specific blocks.Important: the drafting feature cannot be disabled per block; it remains available for all blocks. [&hellip;]                                    <\/div>\n                                <\/li>\n                                                                <li class=\"documentations-search-results-item\">\n                                    <h2 class='documentations-search-results-item-title'>\n                                        <a href=\"https:\/\/wypo.io\/en\/documentations\/wp-simply-cookie\/\">WP Simply Cookie<\/a>\n                                    <\/h2>\n                                    <div>\n                                                                            <\/div>\n                                <\/li>\n                                                                <li class=\"documentations-search-results-item\">\n                                    <h2 class='documentations-search-results-item-title'>\n                                        <a href=\"https:\/\/wypo.io\/en\/documentations\/gutenberg-accordions\/\">Gutenberg Accordions<\/a>\n                                    <\/h2>\n                                    <div>\n                                        Exemple Param\u00e8tres du bloc Ce bloc contiendra plusieurs onglets d\u00e9pliants avec un titre et le contenu souhaite. Diff\u00e9rents param\u00e8tres de bloc sont disponibles:                                    <\/div>\n                                <\/li>\n                                                                <li class=\"documentations-search-results-item\">\n                                    <h2 class='documentations-search-results-item-title'>\n                                        <a href=\"https:\/\/wypo.io\/en\/documentations\/popup\/\">Popup<\/a>\n                                    <\/h2>\n                                    <div>\n                                        Usage Content In the popup content, you can use all the blocks available in the Gutenberg editor. This means you can insert text, images, videos, galleries, buttons and much more to enrich your popup. The Gutenberg editor also lets you organise your content using columns, groups, dividers and other layout elements to create visually attractive [&hellip;]                                    <\/div>\n                                <\/li>\n                                                                <li class=\"documentations-search-results-item\">\n                                    <h2 class='documentations-search-results-item-title'>\n                                        <a href=\"https:\/\/wypo.io\/en\/documentations\/formmaster\/configuration\/\">Form Master | Configuration<\/a>\n                                    <\/h2>\n                                    <div>\n                                        Parameters FormMaster&#8217;s Settings tab lets you configure important options for the behavior of your forms. Here&#8217;s an overview of the different fields available in this tab: Automatically add an asterisk to labels Check this box to automatically add an asterisk (*) to all form field labels. This gives a visual indication that the field is [&hellip;]                                    <\/div>\n                                <\/li>\n                                                                <li class=\"documentations-search-results-item\">\n                                    <h2 class='documentations-search-results-item-title'>\n                                        <a href=\"https:\/\/wypo.io\/en\/documentations\/formmaster\/create-form\/\">Form Master | Create a form<\/a>\n                                    <\/h2>\n                                    <div>\n                                        Add a Form To add a form with the FormMaster plugin, you have two options: Default content When a new form is added, simple content is generated by default. This form can be fully modified using the Gutenberg editor. Usable blocks You can use several types of blocks to customize your form: \u201cField\u201d block This [&hellip;]                                    <\/div>\n                                <\/li>\n                                                        <\/ul>\n                        <div class='documentations-search-results-pagination'><span aria-current=\"page\" class=\"page-numbers current\">1<\/span>\n<a class=\"page-numbers\" href=\"https:\/\/wypo.io\/en\/wp-json\/wp\/v2\/pages\/858\/page\/2\/\">2<\/a>\n<span class=\"page-numbers dots\">&hellip;<\/span>\n<a class=\"page-numbers\" href=\"https:\/\/wypo.io\/en\/wp-json\/wp\/v2\/pages\/858\/page\/4\/\">4<\/a>\n<a class=\"next page-numbers\" href=\"https:\/\/wypo.io\/en\/wp-json\/wp\/v2\/pages\/858\/page\/2\/\"><\/a><\/div>                <\/div>\n            <\/div>\n            <\/div>\n\n\n\n<div class=\"wp-block-group alignfull has-theme-grey-background-color has-background is-layout-constrained wp-block-group-is-layout-constrained\" style=\"padding-top:var(--wp--preset--spacing--80);padding-bottom:var(--wp--preset--spacing--80)\">\n<h2 class=\"wp-block-heading has-text-align-center\" style=\"padding-bottom:var(--wp--preset--spacing--30)\" datalink=\"content-wp-simply-cookie\">WP Simply Cookie<\/h2>\n\n\n            <div class=\"wp-block-habefast-advanced-layout\">\r\n                <div class=\"wp-block-habefast-advanced-layout-container\"  style='--_hfal-l-d-lg:block;--_hfal-l-d-md:block;--_hfal-l-d-sm:block;'>\r\n                    \n            <div style=\"--_hfal-cs-w-lg:nowrap;--_hfal-cs-g-h-lg:var(--wp--preset--spacing--80);--_hfal-cs-g-v-lg:var(--wp--preset--spacing--80);--_hfal-cs-w-md:wrap;--_hfal-cs-w-sm:wrap;--_hfal-cs-g-h-md:var(--wp--preset--spacing--80);--_hfal-cs-g-h-sm:var(--wp--preset--spacing--80);--_hfal-cs-g-v-md:var(--wp--preset--spacing--80);--_hfal-cs-g-v-sm:var(--wp--preset--spacing--80);\" class=\"wp-block-habefast-advanced-layout-columns\">\r\n                \n            <div style=\"--_hfal-c-d-lg:block;--_hfal-c-w-lg:33.3333333333%;--_hfal-c-w-sm:100%;--_hfal-c-d-md:block;--_hfal-c-w-md:100%;--_hfal-c-d-sm:block;\" class=\"is-layout-flow wp-block-habefast-advanced-layout-column\">\r\n                \n\n<div class=\"wp-block-group is-style-border is-layout-constrained wp-container-core-group-is-layout-a35945ca wp-block-group-is-layout-constrained\" style=\"padding-top:var(--wp--preset--spacing--30);padding-right:var(--wp--preset--spacing--30);padding-bottom:var(--wp--preset--spacing--30);padding-left:var(--wp--preset--spacing--30)\">\n<p class=\"has-text-align-center has-bebasneue-font-family has-medium-font-size\" style=\"padding-bottom:var(--wp--preset--spacing--10)\">Staff<\/p>\n\n\n\n<p class=\"has-text-align-center has-normal-font-size\" style=\"font-style:normal;font-weight:900\">1 site<\/p>\n\n\n      <span class=\"fec-product-price\">\n        300 CHF<span class='fec-product-price-renew'> \/ <span>Year<\/span><\/span>      <\/span>\n      \n\n\n        <div class=\"fec-product-addtocart\"><a href=\"\/en\/wp-json\/wp\/v2\/pages\/858?fec_add_to_cart=89\" rel=\"noopener noreferrer\">Order<\/a><\/div>\n        \n<\/div>\n\n            <\/div>\r\n            \n\n            <div style=\"--_hfal-c-d-lg:block;--_hfal-c-w-lg:33.3333333333%;--_hfal-c-w-sm:100%;--_hfal-c-d-md:block;--_hfal-c-w-md:100%;--_hfal-c-d-sm:block;\" class=\"is-layout-flow wp-block-habefast-advanced-layout-column\">\r\n                \n\n<div class=\"wp-block-group is-style-border is-layout-constrained wp-container-core-group-is-layout-80fb368b wp-block-group-is-layout-constrained\" style=\"padding-top:var(--wp--preset--spacing--30);padding-right:var(--wp--preset--spacing--30);padding-bottom:var(--wp--preset--spacing--30);padding-left:var(--wp--preset--spacing--30)\">\n<p class=\"has-text-align-center has-bebasneue-font-family has-medium-font-size\" style=\"padding-bottom:var(--wp--preset--spacing--10)\">Multisite<\/p>\n\n\n\n<p class=\"has-text-align-center has-normal-font-size\" style=\"font-style:normal;font-weight:900\">5 sites<\/p>\n\n\n      <span class=\"fec-product-price\">\n        1200 CHF<span class='fec-product-price-renew'> \/ <span>Year<\/span><\/span>      <\/span>\n      \n\n\n        <div class=\"fec-product-addtocart\"><a href=\"\/en\/wp-json\/wp\/v2\/pages\/858?fec_add_to_cart=120\" rel=\"noopener noreferrer\">Order<\/a><\/div>\n        \n<\/div>\n\n            <\/div>\r\n            \n\n            <div style=\"--_hfal-c-d-lg:block;--_hfal-c-w-lg:33.3333333333%;--_hfal-c-w-sm:100%;--_hfal-c-d-md:block;--_hfal-c-w-md:100%;--_hfal-c-d-sm:block;\" class=\"is-layout-flow wp-block-habefast-advanced-layout-column\">\r\n                \n\n<div class=\"wp-block-group is-style-border is-layout-constrained wp-container-core-group-is-layout-80fb368b wp-block-group-is-layout-constrained\" style=\"padding-top:var(--wp--preset--spacing--30);padding-right:var(--wp--preset--spacing--30);padding-bottom:var(--wp--preset--spacing--30);padding-left:var(--wp--preset--spacing--30)\">\n<p class=\"has-text-align-center has-bebasneue-font-family has-medium-font-size\" style=\"padding-bottom:var(--wp--preset--spacing--10)\">Agency<\/p>\n\n\n\n<p class=\"has-text-align-center has-normal-font-size\" style=\"font-style:normal;font-weight:900\">10 sites<\/p>\n\n\n      <span class=\"fec-product-price\">\n        2000 CHF<span class='fec-product-price-renew'> \/ <span>Year<\/span><\/span>      <\/span>\n      \n\n\n        <div class=\"fec-product-addtocart\"><a href=\"\/en\/wp-json\/wp\/v2\/pages\/858?fec_add_to_cart=122\" rel=\"noopener noreferrer\">Order<\/a><\/div>\n        \n<\/div>\n\n            <\/div>\r\n            \n            <\/div>\r\n            \n                <\/div>\r\n            <\/div>\r\n            <\/div>\n","protected":false},"excerpt":{"rendered":"<p>Documentations Whether you&#8217;re a beginner or an advanced user, our documentation is designed to help you install, configure and use our solutions optimally. Explore the different categories to find the information you need to enhance your WordPress experience.<\/p>\n","protected":false},"author":1,"featured_media":0,"parent":0,"menu_order":0,"comment_status":"closed","ping_status":"closed","template":"","meta":{"_habefastfse_class":"","hf_wpseo_meta_title":"Documentations, references for WordPress [separator] [sitetitle]","hf_wpseo_meta_description":"Explore our comprehensive documentation to maximize the use of your WordPress plugins and themes. Find detailed guides, practical tips and solutions to common problems.","hf_wpseo_meta_robots_index":"0","hf_wpseo_meta_robots_follow":true,"hf_wpseo_meta_robots_advanced":"{}","hf_wpseo_meta_canonical_url":"","wypo_hidden_role_wypo_users_not_logged":false,"wypo_visibility_role_wypo_users_not_logged":false,"wypo_hidden_role_administrator":false,"wypo_visibility_role_administrator":false,"wypo_hidden_role_habefast":false,"wypo_visibility_role_habefast":false,"wypo_hidden_role_customer":false,"wypo_visibility_role_customer":false,"wypo_hidden_role_habefast_manager":false,"wypo_visibility_role_habefast_manager":false,"wypo_hidden_for_role":false,"wypo_visibility_for_role":false,"footnotes":""},"class_list":["post-858","page","type-page","status-publish","hentry"],"_links":{"self":[{"href":"https:\/\/wypo.io\/en\/wp-json\/wp\/v2\/pages\/858","targetHints":{"allow":["GET"]}}],"collection":[{"href":"https:\/\/wypo.io\/en\/wp-json\/wp\/v2\/pages"}],"about":[{"href":"https:\/\/wypo.io\/en\/wp-json\/wp\/v2\/types\/page"}],"author":[{"embeddable":true,"href":"https:\/\/wypo.io\/en\/wp-json\/wp\/v2\/users\/1"}],"replies":[{"embeddable":true,"href":"https:\/\/wypo.io\/en\/wp-json\/wp\/v2\/comments?post=858"}],"version-history":[{"count":4,"href":"https:\/\/wypo.io\/en\/wp-json\/wp\/v2\/pages\/858\/revisions"}],"predecessor-version":[{"id":1596,"href":"https:\/\/wypo.io\/en\/wp-json\/wp\/v2\/pages\/858\/revisions\/1596"}],"wp:attachment":[{"href":"https:\/\/wypo.io\/en\/wp-json\/wp\/v2\/media?parent=858"}],"curies":[{"name":"wp","href":"https:\/\/api.w.org\/{rel}","templated":true}]}}